{"id":21,"date":"2020-05-10T14:22:20","date_gmt":"2020-05-10T14:22:20","guid":{"rendered":"https:\/\/create4.net\/buetzfleth\/?page_id=21"},"modified":"2025-01-14T10:50:32","modified_gmt":"2025-01-14T10:50:32","slug":"impressum","status":"publish","type":"page","link":"https:\/\/buetzfleth.de\/?page_id=21","title":{"rendered":"Impressum"},"content":{"rendered":"\r\n<p>Verantwortlich f\u00fcr den Inhalt:<\/p>\r\n\r\n\r\n\r\n<p><strong>Christoph von Schassen<\/strong><br \/>Obstmarschenweg 321<br \/>21683 Stade-B\u00fctzfleth<br \/>Tel. 041461051<\/p>\r\n\r\n\r\n\r\n<p>Ansprechpartnerin vor Ort: <br \/><strong>Daniela Krahnke<\/strong><br \/>Obstmarschenweg 321<br \/>21683 Stade-B\u00fctzfleth<br \/>Tel. 041461051<\/p>\r\n\r\n\r\n\r\n<p>&nbsp;<\/p>\r\n\r\n\r\n\r\n<p>Realisierung: Uwe Patjens<\/p>\r\n\r\n\r\n\r\n<p>Fotos: Hannelore Schneidereit, Uwe Patjens<\/p>\r\n\r\n\r\n\r\n<p>&nbsp;<\/p>\r\n","protected":false},"excerpt":{"rendered":"<p>Verantwortlich f\u00fcr den Inhalt: Christoph von SchassenObstmarschenweg 32121683 Stade-B\u00fctzflethTel. 041461051 Ansprechpartnerin vor Ort: Daniela KrahnkeObstmarschenweg 32121683 Stade-B\u00fctzflethTel. 041461051 &nbsp; Realisierung: Uwe Patjens Fotos: Hannelore Schneidereit, Uwe Patjens &nbsp;<\/p>\n","protected":false},"author":1,"featured_media":0,"parent":0,"menu_order":0,"comment_status":"closed","ping_status":"closed","template":"","meta":[],"_links":{"self":[{"href":"https:\/\/buetzfleth.de\/index.php?rest_route=\/wp\/v2\/pages\/21"}],"collection":[{"href":"https:\/\/buetzfleth.de\/index.php?rest_route=\/wp\/v2\/pages"}],"about":[{"href":"https:\/\/buetzfleth.de\/index.php?rest_route=\/wp\/v2\/types\/page"}],"author":[{"embeddable":true,"href":"https:\/\/buetzfleth.de\/index.php?rest_route=\/wp\/v2\/users\/1"}],"replies":[{"embeddable":true,"href":"https:\/\/buetzfleth.de\/index.php?rest_route=%2Fwp%2Fv2%2Fcomments&post=21"}],"version-history":[{"count":9,"href":"https:\/\/buetzfleth.de\/index.php?rest_route=\/wp\/v2\/pages\/21\/revisions"}],"predecessor-version":[{"id":1114,"href":"https:\/\/buetzfleth.de\/index.php?rest_route=\/wp\/v2\/pages\/21\/revisions\/1114"}],"wp:attachment":[{"href":"https:\/\/buetzfleth.de\/index.php?rest_route=%2Fwp%2Fv2%2Fmedia&parent=21"}],"curies":[{"name":"wp","href":"https:\/\/api.w.org\/{rel}","templated":true}]}}