{"id":103,"date":"2021-02-20T07:47:33","date_gmt":"2021-02-20T07:47:33","guid":{"rendered":"https:\/\/create4.net\/buetzfleth\/?page_id=103"},"modified":"2021-02-24T14:13:29","modified_gmt":"2021-02-24T14:13:29","slug":"103-2","status":"publish","type":"page","link":"https:\/\/buetzfleth.de\/","title":{"rendered":"Homepage"},"content":{"rendered":"\r\n<div class=\"wp-block-columns\">\r\n<div class=\"wp-block-column\" style=\"flex-basis: 33%;\"><ul class=\"display-posts-listing\"><li class=\"listing-item\"><a class=\"title\" href=\"https:\/\/buetzfleth.de\/?p=280\">Ortschaftsverwaltung<\/a><div class=\"content\">\r\n<p><strong>\u00d6<\/strong><strong>ffnungszeiten<\/strong>\u00a0<\/p>\r\n<p><em>Montag geschlossen<\/em><\/p>\r\n<p>Dienstag 08.30- 12.00 Uhr und 13.00 &#8211; 17.30 Uhr<\/p>\r\n<p>Mittwoch 08.30 &#8211; 12.00 Uhr<\/p>\r\n<p><em>Donnerstag 14.00 &#8211; 18.00 Uhr<\/em><\/p>\r\n<p>Freitag 08.30 &#8211; 12.00 Uhr<\/p>\r\n<p>&nbsp;<\/p>\r\n<p><strong>Das B\u00fcro der Ortschaftsverwaltung ist an folgenden Tagen nicht besetzt:\u00a0<\/strong><\/p>\r\n<ul>\r\n<li>Dienstag, 31. M\u00e4rz 2026 bis einschlie\u00dflich Freitag, 10. April 2026\u00a0<\/li>\r\n<li>Freitag, 15. Mai 2026<\/li>\r\n<li>Dienstag, 21. Juli 2026 bis einschlie\u00dflich Freitag, 07. August 2026<\/li>\r\n<li>Dienstag, 22. Dezember 2026 bis einschlie\u00dflich Dienstag, 05. Januar 2027<\/li>\r\n<\/ul>\r\n<p>In dringenden F\u00e4llen wenden Sie sich bitte an die Stadtverwaltung Stade unter der Rufnummer 0 41 41 &#8211; 401 0.\u00a0<\/p>\r\n<p>&nbsp;<\/p>\r\n<p>Jeden <strong>1. Donnerstag<\/strong> im Monat <br \/>findet in der Zeit von<strong> 8.00-10.00 Uhr<\/strong><br \/>im Dorfgemeinschaftshaus die <br \/>B\u00fcrgermeistersprechstunde statt.<\/p>\r\n<p>&nbsp;<\/p>\r\n<\/div><\/li><\/ul>\n<\/div>\r\n\r\n\r\n\r\n<div class=\"wp-block-column\" style=\"flex-basis: 33%;\"><a class=\"title\" href=\"https:\/\/buetzfleth.de\/?post_type=tribe_events\">&nbsp;&nbsp;&nbsp;&nbsp;&nbsp;&nbsp;Termine<\/a><br>&nbsp;<br><ul class=\"ecs-event-list\"><li class=\"ecs-event\"><h4 class=\"entry-title summary\"><a href=\"https:\/\/buetzfleth.de\/?tribe_events=stoeberstunde-in-der-buecherei-10\" rel=\"bookmark\">St\u00f6berstunde in der B\u00fccherei<\/a><\/h4><span class=\"duration time\"><span class=\"tribe-event-date-start\">23. April, 15:00<\/span> - <span class=\"tribe-event-time\">17:00<\/span><\/span><\/li><li class=\"ecs-event\"><h4 class=\"entry-title summary\"><a href=\"https:\/\/buetzfleth.de\/?tribe_events=ortsratssitzung-20\" rel=\"bookmark\">Ortsratssitzung<\/a><\/h4><span class=\"duration time\"><span class=\"tribe-event-date-start\">17. Juni, 18:00<\/span><\/span><\/li><li class=\"ecs-event\"><h4 class=\"entry-title summary\"><a href=\"https:\/\/buetzfleth.de\/?tribe_events=ortsratssitzung-21\" rel=\"bookmark\">Ortsratssitzung<\/a><\/h4><span class=\"duration time\"><span class=\"tribe-event-date-start\">25. November, 18:00<\/span><\/span><\/li><\/ul><script type=\"application\/ld+json\">\r\n[{\"@context\":\"http:\/\/schema.org\",\"@type\":\"Event\",\"name\":\"St\\u00f6berstunde in der B\\u00fccherei\",\"description\":\"&lt;p&gt;Treffen f\\u00fcr gro\\u00dfe und kleine Leser! Kl\\u00f6nen bei Kaffee und Kuchen! St\\u00f6bern in B\\u00fcchern!&lt;\/p&gt;\\\\n\",\"url\":\"https:\/\/buetzfleth.de\/?tribe_events=stoeberstunde-in-der-buecherei-10\",\"startDate\":\"2026-04-23T15:00:00+00:00\",\"endDate\":\"2026-04-23T17:00:00+00:00\",\"location\":{\"@type\":\"Place\",\"name\":\"B\\u00fccherei, Obstmarschenweg 321\",\"description\":\"\",\"url\":\"\",\"address\":{\"@type\":\"PostalAddress\"},\"telephone\":\"\",\"sameAs\":\"\"},\"organizer\":{\"@type\":\"Person\",\"name\":\"Ortsb\\u00fccherei &#8211; Frau Struschka\",\"description\":\"\",\"url\":\"\",\"telephone\":\"\",\"email\":\"\",\"sameAs\":\"\"},\"performer\":\"Organization\"},{\"@context\":\"http:\/\/schema.org\",\"@type\":\"Event\",\"name\":\"Ortsratssitzung\",\"description\":\"\",\"url\":\"https:\/\/buetzfleth.de\/?tribe_events=ortsratssitzung-20\",\"startDate\":\"2026-06-17T18:00:00+00:00\",\"endDate\":\"2026-06-17T18:00:00+00:00\",\"location\":{\"@type\":\"Place\",\"name\":\"Dorfgemeinschaftshaus B\\u00fctzfleth\",\"description\":\"\",\"url\":\"\",\"address\":{\"@type\":\"PostalAddress\",\"streetAddress\":\"Obstmarschenweg 321\",\"addressLocality\":\"B\\u00fctzfleth\",\"postalCode\":\"21683\"},\"telephone\":\"\",\"sameAs\":\"\"},\"organizer\":{\"@type\":\"Person\",\"name\":\"Ortsrat B\\u00fctzfleth\",\"description\":\"\",\"url\":\"\",\"telephone\":\"\",\"email\":\"\",\"sameAs\":\"\"},\"performer\":\"Organization\"},{\"@context\":\"http:\/\/schema.org\",\"@type\":\"Event\",\"name\":\"Ortsratssitzung\",\"description\":\"\",\"url\":\"https:\/\/buetzfleth.de\/?tribe_events=ortsratssitzung-21\",\"startDate\":\"2026-11-25T18:00:00+00:00\",\"endDate\":\"2026-11-25T18:00:00+00:00\",\"location\":{\"@type\":\"Place\",\"name\":\"Dorfgemeinschaftshaus B\\u00fctzfleth\",\"description\":\"\",\"url\":\"\",\"address\":{\"@type\":\"PostalAddress\",\"streetAddress\":\"Obstmarschenweg 321\",\"addressLocality\":\"B\\u00fctzfleth\",\"postalCode\":\"21683\"},\"telephone\":\"\",\"sameAs\":\"\"},\"organizer\":{\"@type\":\"Person\",\"name\":\"Ortsrat B\\u00fctzfleth\",\"description\":\"\",\"url\":\"\",\"telephone\":\"\",\"email\":\"\",\"sameAs\":\"\"},\"performer\":\"Organization\"}]\r\n<\/script><!--\n Event listing powered by The Events Calendar Shortcode\n https:\/\/eventcalendarnewsletter.com\/the-events-calendar-shortcode\/ \n-->\n\r\n\r\n<\/div>\r\n\r\n\r\n\r\n<div class=\"wp-block-column\" style=\"flex-basis: 33%;\"><ul class=\"display-posts-listing\"><li class=\"listing-item\"><a class=\"title\" href=\"https:\/\/buetzfleth.de\/?p=278\">B\u00fccherei<\/a><div class=\"content\"><pre><em><strong>Die B\u00fccherei ist donnerstags in der Zeit von 15 bis 18 Uhr ge\u00f6ffnet. <\/strong><\/em>\r\n\r\nFrau Struschka ist donnerstags unter der Rufnummer 0 41 46 \/ 930 90 06 telefonisch zu erreichen.\r\n\r\n<\/pre>\n<pre><em><strong>Am Donnerstag, 23. April 2026, findet ab 15.00 Uhr die St\u00f6berstunde in der Ortsb\u00fccherei B\u00fctzfleth statt. \r\n<\/strong><\/em><em><strong>Treffen f\u00fcr gro\u00dfe &amp; kleine Leser ... Kl\u00f6nen bei Kaffee &amp; Kuchen ... St\u00f6bern in B\u00fcchern.\r\n\r\n<\/strong><\/em>An folgenden Tagen ist die B\u00fccherei <strong>nicht<\/strong> ge\u00f6ffnet:<strong>\r\n\r\n- Donnerstag, 26. M\u00e4rz 2026\r\n- Donnerstag, 02. April 2026\r\n- Donnerstag, 09. April 2026\r\n\r\n\r\n<\/strong><\/pre>\n<\/div><\/li><\/ul>\n\r\n\r\n\r\n<p>&nbsp;<\/p>\r\n<\/div>\r\n<\/div>\r\n\r\n\r\n\r\n<p>&nbsp;<\/p>\r\n","protected":false},"excerpt":{"rendered":"<p>&nbsp; &nbsp;<\/p>\n","protected":false},"author":1,"featured_media":0,"parent":0,"menu_order":0,"comment_status":"closed","ping_status":"closed","template":"","meta":[],"_links":{"self":[{"href":"https:\/\/buetzfleth.de\/index.php?rest_route=\/wp\/v2\/pages\/103"}],"collection":[{"href":"https:\/\/buetzfleth.de\/index.php?rest_route=\/wp\/v2\/pages"}],"about":[{"href":"https:\/\/buetzfleth.de\/index.php?rest_route=\/wp\/v2\/types\/page"}],"author":[{"embeddable":true,"href":"https:\/\/buetzfleth.de\/index.php?rest_route=\/wp\/v2\/users\/1"}],"replies":[{"embeddable":true,"href":"https:\/\/buetzfleth.de\/index.php?rest_route=%2Fwp%2Fv2%2Fcomments&post=103"}],"version-history":[{"count":44,"href":"https:\/\/buetzfleth.de\/index.php?rest_route=\/wp\/v2\/pages\/103\/revisions"}],"predecessor-version":[{"id":374,"href":"https:\/\/buetzfleth.de\/index.php?rest_route=\/wp\/v2\/pages\/103\/revisions\/374"}],"wp:attachment":[{"href":"https:\/\/buetzfleth.de\/index.php?rest_route=%2Fwp%2Fv2%2Fmedia&parent=103"}],"curies":[{"name":"wp","href":"https:\/\/api.w.org\/{rel}","templated":true}]}}